{"id":289,"date":"2023-03-24T14:59:42","date_gmt":"2023-03-24T14:59:42","guid":{"rendered":"https:\/\/sellyyjoe.com\/?page_id=289"},"modified":"2025-04-02T01:27:20","modified_gmt":"2025-04-02T01:27:20","slug":"nosotros","status":"publish","type":"page","link":"https:\/\/sellyyjoe.com\/en\/nosotros\/","title":{"rendered":"About us"},"content":{"rendered":"<section class=\"section\" id=\"section_116805532\">\n\t\t<div class=\"section-bg fill\" >\n\t\t\t<img loading=\"lazy\" decoding=\"async\" width=\"1600\" height=\"744\" src=\"https:\/\/sellyyjoe.com\/wp-content\/uploads\/2025\/03\/WhatsApp-Image-2025-03-26-at-12.58.39-PM.jpeg\" class=\"bg attachment-original size-original\" alt=\"\" \/>\t\t\t\t\t\t\n\t\t\t\n\n\t\t<\/div>\n\n\t\t\n\n\t\t<div class=\"section-content relative\">\n\t\t\t\n\n<div class=\"row\" style=\"max-width:1200px\" id=\"row-241577930\">\n\n\n\t<div id=\"col-1200467752\" class=\"col medium-6 small-12 large-5\"  >\n\t\t\t\t<div class=\"col-inner\"  >\n\t\t\t\n\t\t\t\n\n\t<div id=\"gap-1416990391\" class=\"gap-element clearfix\" style=\"display:block; height:auto;\">\n\t\t\n<style>\n#gap-1416990391 {\n  padding-top: 60px;\n}\n<\/style>\n\t<\/div>\n\t\n\n\t<div id=\"text-4115130818\" class=\"text\">\n\t\t\n\n<p><em><strong><span style=\"color: #fafafa;\">BANDA<\/span><\/strong><\/em><\/p>\n\t\t\n<style>\n#text-4115130818 {\n  font-size: 2.75rem;\n}\n<\/style>\n\t<\/div>\n\t\n\n\t\t<\/div>\n\t\t\t\t\t<\/div>\n\n\t\n\n<\/div>\n\n\t\t<\/div>\n\n\t\t\n<style>\n#section_116805532 {\n  padding-top: 30px;\n  padding-bottom: 30px;\n  min-height: 300px;\n  background-color: rgb(249, 245, 229);\n}\n@media (min-width:550px) {\n  #section_116805532 {\n    min-height: 561px;\n  }\n}\n<\/style>\n\t<\/section>\n\t\n\n\t<section class=\"section hide-for-medium\" id=\"section_932195849\">\n\t\t<div class=\"section-bg fill\" >\n\t\t\t\t\t\t\t\t\t\n\t\t\t\n\n\t\t<\/div>\n\n\t\t\n\n\t\t<div class=\"section-content relative\">\n\t\t\t\n\n<div class=\"row align-center\" style=\"max-width:1200px\" id=\"row-718721304\">\n\n\n\t<div id=\"col-646408896\" class=\"col small-12 large-12\"  >\n\t\t\t\t<div class=\"col-inner\"  >\n\t\t\t\n\t\t\t\n\n<div class=\"row align-bottom align-center\" style=\"max-width:1200px\" id=\"row-1819214762\">\n\n\n\t<div id=\"col-2035074598\" class=\"col medium-12 small-12 large-6\"  >\n\t\t\t\t<div class=\"col-inner\"  >\n\t\t\t\n\t\t\t\n\n<div class=\"container section-title-container\" ><h3 class=\"section-title section-title-normal\"><b><\/b><span class=\"section-title-main\" ><i class=\"icon-checkmark\" ><\/i>BIBIOGRAPHY<\/span><b><\/b><\/h3><\/div>\n\n<p>Selly y Joe, Ministerio Pastoral Profetico.<br \/>\nHace mas o menos 16 a\u00f1os Selly y Joe se conocieron por medio de la m\u00fasica. Selly en ese tiempo era Musulmana, pero no quer\u00eda dejarse llevar por su l\u00f3gica y opini\u00f3n, porque ella sabia que uno se puede equivocar y le pidi\u00f3 una confirmaci\u00f3n a Dios, por ello un d\u00eda le rogaba al Creador de toda la existencia para que El le muestre LA VERDAD.<br \/>\nY con ello comenzo a vivir muchas cosas sobrenaturales con Dios y esas son parte de su testimonio.<br \/>\nJoe creci\u00f3 en una Familia Cristiana en Ecuador &#8211; Guayaquil, pero derrepente se fue a estudiar a Alemania y all\u00ed vivi\u00f3 una vida totalmente apartada de Dios, hasta que conoci\u00f3 a Selly.<br \/>\nAunque que a ella no le gusto la vida de Joe, los 2 se enamoraron y se casaron.<br \/>\nEntonces un d\u00eda Dios le mostr\u00f3 a Selly la verdad y ella se convirti\u00f3 en Cristiana, aceptando a Jes\u00fas como su \u00fanico Se\u00f1or y Salvador y este fue el comienzo de un gran cambio y muchos Testimonios.<br \/>\nPor medio de una vision de Dios, Joe comenz\u00f3 a creer y los 2 comenzaron a seguir a Jes\u00fas.<br \/>\nJoe es Pastor y Selly tiene revelaciones profeticas de Dios, asi crean e expanden el Ministerio de Dios con muchas Alabanzas creadas por ellos mismos para la Gloria del Altisimo.<\/p>\n<a class=\"button secondary is-link hidden\"  >\n\t\t<span>Get in touch<\/span>\n\t<i class=\"icon-angle-right\" aria-hidden=\"true\" ><\/i><\/a>\n\n\n\n\t\t<\/div>\n\t\t\t\t\n<style>\n#col-2035074598 > .col-inner {\n  padding: 0px 0px 1100px 0px;\n  margin: 0px 0px -142px 0px;\n}\n<\/style>\n\t<\/div>\n\n\t\n\n\t<div id=\"col-255254156\" class=\"col medium-12 small-12 large-6 medium-col-first\"  >\n\t\t\t\t<div class=\"col-inner\"  >\n\t\t\t\n\t\t\t\n\n\n  <div class=\"banner has-hover\" id=\"banner-1835527720\">\n          <div class=\"banner-inner fill\">\n        <div class=\"banner-bg fill\" >\n            <img loading=\"lazy\" decoding=\"async\" width=\"800\" height=\"800\" src=\"https:\/\/sellyyjoe.com\/wp-content\/uploads\/2024\/01\/Adoracion-redes-1-800x800.jpg\" class=\"bg attachment-large size-large\" alt=\"\" \/>                                    \n                    <\/div>\n\t\t\n        <div class=\"banner-layers container\">\n            <div class=\"fill banner-link\"><\/div>            \n\n\n        <\/div>\n      <\/div>\n\n            \n<style>\n#banner-1835527720 {\n  padding-top: 400px;\n  background-color: rgb(255, 255, 255);\n}\n#banner-1835527720 .banner-bg img {\n  object-position: 108% 33%;\n}\n@media (min-width:550px) {\n  #banner-1835527720 {\n    padding-top: 600px;\n  }\n}\n@media (min-width:850px) {\n  #banner-1835527720 {\n    padding-top: 481px;\n  }\n}\n<\/style>\n  <\/div>\n\n\n\t<div id=\"gap-350548638\" class=\"gap-element clearfix\" style=\"display:block; height:auto;\">\n\t\t\n<style>\n#gap-350548638 {\n  padding-top: 30px;\n}\n<\/style>\n\t<\/div>\n\t\n\n\n  <div class=\"banner has-hover\" id=\"banner-1694923053\">\n          <div class=\"banner-inner fill\">\n        <div class=\"banner-bg fill\" >\n            <img loading=\"lazy\" decoding=\"async\" width=\"640\" height=\"800\" src=\"https:\/\/sellyyjoe.com\/wp-content\/uploads\/2025\/03\/WhatsApp-Image-2025-03-26-at-12.56.05-PM-640x800.jpeg\" class=\"bg attachment-large size-large\" alt=\"\" \/>                                    \n                    <\/div>\n\t\t\n        <div class=\"banner-layers container\">\n            <div class=\"fill banner-link\"><\/div>            \n\n\n        <\/div>\n      <\/div>\n\n            \n<style>\n#banner-1694923053 {\n  padding-top: 400px;\n  background-color: rgb(255, 255, 255);\n}\n#banner-1694923053 .banner-bg img {\n  object-position: 78% 33%;\n}\n@media (min-width:550px) {\n  #banner-1694923053 {\n    padding-top: 600px;\n  }\n}\n@media (min-width:850px) {\n  #banner-1694923053 {\n    padding-top: 648px;\n  }\n}\n<\/style>\n  <\/div>\n\n\n\n\t\t<\/div>\n\t\t\t\t\n<style>\n#col-255254156 > .col-inner {\n  padding: 0px 0px 1000px 0px;\n  margin: -70px 0px 0px 0px;\n}\n@media (min-width:850px) {\n  #col-255254156 > .col-inner {\n    margin: -260px 0px -30px 0px;\n  }\n}\n<\/style>\n\t<\/div>\n\n\t\n\n<\/div>\n\n\t\t<\/div>\n\t\t\t\t\n<style>\n#col-646408896 > .col-inner {\n  padding: 0px 0px 0px 0px;\n  margin: 0px 0px -675px 0px;\n}\n<\/style>\n\t<\/div>\n\n\t\n\n<\/div>\n\n\t\t<\/div>\n\n\t\t\n<style>\n#section_932195849 {\n  padding-top: 30px;\n  padding-bottom: 30px;\n}\n<\/style>\n\t<\/section>\n\t\n\n\t<section class=\"section\" id=\"section_1996406712\">\n\t\t<div class=\"section-bg fill\" >\n\t\t\t\t\t\t\t\t\t\n\t\t\t\n\n\t\t<\/div>\n\n\t\t\n\n\t\t<div class=\"section-content relative\">\n\t\t\t\n\n<div class=\"row\"  id=\"row-36461827\">\n\n\n\t<div id=\"col-1620321588\" class=\"col small-12 large-12\"  >\n\t\t\t\t<div class=\"col-inner\"  >\n\t\t\t\n\t\t\t\n\n\n\n\n\n\n\t\t<\/div>\n\t\t\t\t\n<style>\n#col-1620321588 > .col-inner {\n  padding: 0px 0px 0px 0px;\n  margin: 0px 0px 0px 0px;\n}\n@media (min-width:550px) {\n  #col-1620321588 > .col-inner {\n    margin: -308px 0px 0px 0px;\n  }\n}\n<\/style>\n\t<\/div>\n\n\t\n\n<\/div>\n\n\t\t<\/div>\n\n\t\t\n<style>\n#section_1996406712 {\n  padding-top: 30px;\n  padding-bottom: 30px;\n}\n<\/style>\n\t<\/section>\n\t\n\t<div id=\"gap-811380896\" class=\"gap-element clearfix\" style=\"display:block; height:auto;\">\n\t\t\n<style>\n#gap-811380896 {\n  padding-top: 68px;\n}\n<\/style>\n\t<\/div>\n\t\n\n\n\t<section class=\"section show-for-medium\" id=\"section_1999923962\">\n\t\t<div class=\"section-bg fill\" >\n\t\t\t\t\t\t\t\t\t\n\t\t\t\n\n\t\t<\/div>\n\n\t\t\n\n\t\t<div class=\"section-content relative\">\n\t\t\t\n\n<div class=\"row align-center\" style=\"max-width:1200px\" id=\"row-1431476312\">\n\n\n\t<div id=\"col-503061760\" class=\"col small-12 large-12\"  >\n\t\t\t\t<div class=\"col-inner\"  >\n\t\t\t\n\t\t\t\n\n<div class=\"row align-bottom align-center\" style=\"max-width:1200px\" id=\"row-309264378\">\n\n\n\t<div id=\"col-1357999006\" class=\"col medium-12 small-12 large-6\"  >\n\t\t\t\t<div class=\"col-inner\"  >\n\t\t\t\n\t\t\t\n\n<div class=\"container section-title-container\" ><h3 class=\"section-title section-title-normal\"><b><\/b><span class=\"section-title-main\" ><i class=\"icon-checkmark\" ><\/i>BIBIOGRAPHY<\/span><b><\/b><\/h3><\/div>\n\n<p>Sally, Persian\/German, studied Acrobatics, Dance, also studied Personal Fitness Trainer and Nutrition.<br \/>Joe, Ecuadorian, studied music at the Johannes Brahams Conservatory in Germany - Hamburg.<br \/>About 12 years ago Sally and Joe met through music in Germany.<br \/>Sally at that time was a Muslim, but she did not want to be swayed by her logic and opinion, because she knew that one can be wrong and asked God for confirmation, so one day she prayed to the Creator of all existence for Him to show her THE TRUTH.<br \/>Joe grew up in a Christian Family in Ecuador - Guayaquil, but suddenly he went to study in Germany and there he lived a totally worldly life, until he met Sally.<br \/>Although she didn't like Joe's life, the two fell in love and married... Sally tried to change Joe's life, but with little success.<br \/>Then one day God showed Sally the truth and she became a Christian, accepting Jesus as her only Lord and Savior and this was the beginning of a great change and many Testimonies.<br \/>Through one of Sally's Testimonies, Joe began to believe and the two began to follow Jesus.<br \/>After a period of time Joe was still with many worldly Groups and Orchestras and still did not understand, until one day God showed him supernatural things and called him to leave all these worldly groups and worldly life. God also showed Joe 9 visible and audible praises and taught him the power of these praises and this was the beginning of the ministry called \"Sally and Joe\" by the Will of God. So they travel to Ecuador, leaving everything they had in Germany. While in Ecuador the Lord stopped speaking to them for almost 2 years and Joe did not understand why? He complained to the Lord, but God wanted Joe to give all his desires to Him! And when he did, God began to speak again and give visions again... So they began to record praises and now they only live for Him, fulfilling His will, which is to make these praises reach every ear that needs it, because each praise has a purpose for each person. God told Joe: \"Make 12 Praises and give each Praise as a subtitle the name of each Tribe of Israel\".<\/p>\n<a class=\"button secondary is-link hidden\"  >\n\t\t<span>Get in touch<\/span>\n\t<i class=\"icon-angle-right\" aria-hidden=\"true\" ><\/i><\/a>\n\n\n\n\t\t<\/div>\n\t\t\t\t\t<\/div>\n\n\t\n\n\t<div id=\"col-3997646\" class=\"col medium-12 small-12 large-6 medium-col-first\"  >\n\t\t\t\t<div class=\"col-inner\"  >\n\t\t\t\n\t\t\t\n\n<div class=\"slider-wrapper relative\" id=\"slider-365360814\" >\n    <div class=\"slider slider-nav-circle slider-nav-large slider-nav-light slider-style-normal\"\n        data-flickity-options='{            \"cellAlign\": \"center\",            \"imagesLoaded\": true,            \"lazyLoad\": 1,            \"freeScroll\": false,            \"wrapAround\": true,            \"autoPlay\": 6000,            \"pauseAutoPlayOnHover\" : true,            \"prevNextButtons\": true,            \"contain\" : true,            \"adaptiveHeight\" : true,            \"dragThreshold\" : 10,            \"percentPosition\": true,            \"pageDots\": true,            \"rightToLeft\": false,            \"draggable\": true,            \"selectedAttraction\": 0.1,            \"parallax\" : 0,            \"friction\": 0.6        }'\n        >\n        \n\n\n  <div class=\"banner has-hover\" id=\"banner-724120633\">\n          <div class=\"banner-inner fill\">\n        <div class=\"banner-bg fill\" >\n            <img loading=\"lazy\" decoding=\"async\" width=\"640\" height=\"800\" src=\"https:\/\/sellyyjoe.com\/wp-content\/uploads\/2025\/03\/WhatsApp-Image-2025-03-26-at-12.56.05-PM-640x800.jpeg\" class=\"bg attachment-large size-large\" alt=\"\" \/>                                    \n                    <\/div>\n\t\t\n        <div class=\"banner-layers container\">\n            <div class=\"fill banner-link\"><\/div>            \n\n\n        <\/div>\n      <\/div>\n\n            \n<style>\n#banner-724120633 {\n  padding-top: 404px;\n  background-color: rgb(255, 255, 255);\n}\n#banner-724120633 .banner-bg img {\n  object-position: 78% 33%;\n}\n@media (min-width:550px) {\n  #banner-724120633 {\n    padding-top: 600px;\n  }\n}\n@media (min-width:850px) {\n  #banner-724120633 {\n    padding-top: 700px;\n  }\n}\n<\/style>\n  <\/div>\n\n\n\n  <div class=\"banner has-hover\" id=\"banner-434609927\">\n          <div class=\"banner-inner fill\">\n        <div class=\"banner-bg fill\" >\n            <img loading=\"lazy\" decoding=\"async\" width=\"1020\" height=\"765\" src=\"https:\/\/sellyyjoe.com\/wp-content\/uploads\/2023\/03\/sj9-1067x800.jpg\" class=\"bg attachment-large size-large\" alt=\"\" \/>                                    \n                    <\/div>\n\t\t\n        <div class=\"banner-layers container\">\n            <div class=\"fill banner-link\"><\/div>            \n\n\n        <\/div>\n      <\/div>\n\n            \n<style>\n#banner-434609927 {\n  padding-top: 262px;\n  background-color: rgb(255, 255, 255);\n}\n#banner-434609927 .banner-bg img {\n  object-position: 78% 33%;\n}\n@media (min-width:550px) {\n  #banner-434609927 {\n    padding-top: 600px;\n  }\n}\n@media (min-width:850px) {\n  #banner-434609927 {\n    padding-top: 700px;\n  }\n}\n<\/style>\n  <\/div>\n\n\n\n     <\/div>\n\n     <div class=\"loading-spin dark large centered\"><\/div>\n\n\t<\/div>\n\n\n\n\t\t<\/div>\n\t\t\t\t\n<style>\n#col-3997646 > .col-inner {\n  padding: 0px 0px 30px 0px;\n  margin: -70px 0px 0px 0px;\n}\n@media (min-width:850px) {\n  #col-3997646 > .col-inner {\n    margin: -260px 0px 0px 0px;\n  }\n}\n<\/style>\n\t<\/div>\n\n\t\n\n<\/div>\n\n\t\t<\/div>\n\t\t\t\t\t<\/div>\n\n\t\n\n<\/div>\n\n\t\t<\/div>\n\n\t\t\n<style>\n#section_1999923962 {\n  padding-top: 30px;\n  padding-bottom: 30px;\n}\n<\/style>\n\t<\/section>\n\t\n\n\t<section class=\"section hide-for-medium\" id=\"section_1463047380\">\n\t\t<div class=\"section-bg fill\" >\n\t\t\t\t\t\t\t\t\t\n\t\t\t\n\n\t\t<\/div>\n\n\t\t\n\n\t\t<div class=\"section-content relative\">\n\t\t\t\n\n<div class=\"row\" style=\"max-width:1200px\" id=\"row-1205534471\">\n\n\n\t<div id=\"col-493558216\" class=\"col medium-11 small-12 large-9\"  >\n\t\t\t\t<div class=\"col-inner\"  >\n\t\t\t\n\t\t\t\n\n\t<div id=\"gap-295275597\" class=\"gap-element clearfix\" style=\"display:block; height:auto;\">\n\t\t\n<style>\n#gap-295275597 {\n  padding-top: 30px;\n}\n<\/style>\n\t<\/div>\n\t\n\n\n  <div class=\"banner has-hover has-parallax\" id=\"banner-1354438874\">\n          <div class=\"banner-inner fill\">\n        <div class=\"banner-bg fill\" data-parallax=\"-3\" data-parallax-container=\".banner\" data-parallax-background>\n            <img loading=\"lazy\" decoding=\"async\" width=\"2567\" height=\"1692\" src=\"https:\/\/sellyyjoe.com\/wp-content\/uploads\/2024\/01\/Captura-de-pantalla-2023-12-14-a-las-09.56.50.png\" class=\"bg attachment-original size-original\" alt=\"\" \/>                                    \n                    <\/div>\n\t\t\n        <div class=\"banner-layers container\">\n            <div class=\"fill banner-link\"><\/div>            \n\n\n        <\/div>\n      <\/div>\n\n            \n<style>\n#banner-1354438874 {\n  padding-top: 300px;\n  background-color: rgb(249, 245, 229);\n}\n#banner-1354438874 .banner-bg img {\n  object-position: 77% 43%;\n}\n@media (min-width:550px) {\n  #banner-1354438874 {\n    padding-top: 500px;\n  }\n}\n<\/style>\n  <\/div>\n\n\n\n\t\t<\/div>\n\t\t\t\t\n<style>\n#col-493558216 > .col-inner {\n  padding: 0px 0px 0px 0px;\n  margin: 162px 0px -500px 0px;\n}\n<\/style>\n\t<\/div>\n\n\t\n\n<\/div>\n<div class=\"row align-right row-box-shadow-3\" style=\"max-width:1200px\" id=\"row-250486133\">\n\n\n\t<div id=\"col-281785217\" class=\"col medium-8 small-12 large-6\"  >\n\t\t\t\t<div class=\"col-inner\" style=\"background-color:rgb(255, 255, 255);\" >\n\t\t\t\n\t\t\t\n\n\t<div id=\"text-3675795282\" class=\"text\">\n\t\t\n\n<h2>Projects<\/h2>\n\t\t\n<style>\n#text-3675795282 {\n  font-size: 1.5rem;\n}\n<\/style>\n\t<\/div>\n\t\n<p>Actualmente estan lanzando un nuevo album \u201cConcierto en vivo\u201d.<br \/>con 6 alabanzas &#8220;Un encuentro con Dios&#8221;, &#8220;Te Alabamos&#8221;, &#8220;y digo por ti&#8221; \u00a8Mi Dios es fiel\u00a8, \u00a8Mas de ti\u00a8 y &#8220;Me Transformaste&#8221;<\/p>\n\t<div id=\"text-3898824970\" class=\"text\">\n\t\t\n\n<h2>Tours<\/h2>\n\t\t\n<style>\n#text-3898824970 {\n  font-size: 1.5rem;\n}\n<\/style>\n\t<\/div>\n\t\n<p>2025 tenemos varias espectativas, EVENTOS, PRESENTACIONE EN IGLESIAS CONCIERTOS, \u201cGira de medios\u201d, Ecuador, Panama, Republica Dominicana<\/p>\n\t<div id=\"text-3769440022\" class=\"text\">\n\t\t\n\n<h2>Family<\/h2>\n\t\t\n<style>\n#text-3769440022 {\n  font-size: 1.5rem;\n}\n<\/style>\n\t<\/div>\n\t\n<p>The Family is a very important point in their lives, they thank God for it and their Prayers. Family Prayer is a very powerful weapon. When your family prays for you, the Lord does special things in your life.<\/p>\n\t<div id=\"text-3993293947\" class=\"text\">\n\t\t\n\n<h2>Music<\/h2>\n\t\t\n<style>\n#text-3993293947 {\n  font-size: 1.5rem;\n}\n<\/style>\n\t<\/div>\n\t\n<p>Muchas de sus Alabanzas tienen Vers\u00edculos B\u00edblicos, ya que un d\u00eda Dios le dio a Selly una Visi\u00f3n, ella vio una bola de metal \u201ccomo las armas antiguas (Bola con cadena para lanzar)\u201d en la cual hab\u00edan muchos vers\u00edculos b\u00edblicos puestos en toda la bola y eso era tan poderoso que romp\u00eda todo malo en cuanto este cerca, por ello cantan muchos de estos vers\u00edculos, porque las Bendiciones de Dios son para Expandirlas.<br \/>\ninfo@sellyyjoe.com www.sellyyjoe.com https:\/\/www.instagram.com\/sellyyjoe\/\n    <\/p>\n\n\t\t<\/div>\n\t\t\t\t\n<style>\n#col-281785217 > .col-inner {\n  padding: 10% 10% 10% 10%;\n  margin: -42px -42px 0px 0px;\n}\n@media (min-width:550px) {\n  #col-281785217 > .col-inner {\n    margin: -317px -42px 0px 0px;\n  }\n}\n<\/style>\n\t<\/div>\n\n\t\n\n<\/div>\n\n\t\t<\/div>\n\n\t\t\n<style>\n#section_1463047380 {\n  padding-top: 40px;\n  padding-bottom: 40px;\n  background-color: rgba(0,177,221,0.97);\n}\n@media (min-width:550px) {\n  #section_1463047380 {\n    padding-top: 80px;\n    padding-bottom: 80px;\n  }\n}\n@media (min-width:850px) {\n  #section_1463047380 {\n    padding-top: 0px;\n    padding-bottom: 0px;\n  }\n}\n<\/style>\n\t<\/section>\n\t\n\n\t<section class=\"section show-for-medium\" id=\"section_960383489\">\n\t\t<div class=\"section-bg fill\" >\n\t\t\t\t\t\t\t\t\t\n\t\t\t\n\n\t\t<\/div>\n\n\t\t\n\n\t\t<div class=\"section-content relative\">\n\t\t\t\n\n<div class=\"row\" style=\"max-width:1200px\" id=\"row-1499152797\">\n\n\n\t<div id=\"col-2118173380\" class=\"col medium-11 small-12 large-9\"  >\n\t\t\t\t<div class=\"col-inner\"  >\n\t\t\t\n\t\t\t\n\n\t<div id=\"gap-613634014\" class=\"gap-element clearfix\" style=\"display:block; height:auto;\">\n\t\t\n<style>\n#gap-613634014 {\n  padding-top: 30px;\n}\n<\/style>\n\t<\/div>\n\t\n\n\n  <div class=\"banner has-hover\" id=\"banner-31172412\">\n          <div class=\"banner-inner fill\">\n        <div class=\"banner-bg fill\" >\n            <img loading=\"lazy\" decoding=\"async\" width=\"648\" height=\"800\" src=\"https:\/\/sellyyjoe.com\/wp-content\/uploads\/2023\/03\/sj4-1-648x800.jpg\" class=\"bg attachment-large size-large\" alt=\"\" \/>                                    \n                    <\/div>\n\t\t\n        <div class=\"banner-layers container\">\n            <div class=\"fill banner-link\"><\/div>            \n\n\n        <\/div>\n      <\/div>\n\n            \n<style>\n#banner-31172412 {\n  padding-top: 315px;\n  background-color: rgb(249, 245, 229);\n}\n#banner-31172412 .banner-bg img {\n  object-position: 34% 44%;\n}\n@media (min-width:550px) {\n  #banner-31172412 {\n    padding-top: 500px;\n  }\n}\n<\/style>\n  <\/div>\n\n\n\n\t\t<\/div>\n\t\t\t\t\t<\/div>\n\n\t\n\n<\/div>\n<div class=\"row align-right\" style=\"max-width:1200px\" id=\"row-206451241\">\n\n\n\t<div id=\"col-585086458\" class=\"col medium-8 small-12 large-6\"  >\n\t\t\t\t<div class=\"col-inner\" style=\"background-color:rgb(255, 255, 255);\" >\n\t\t\t\n\t\t\t\n\n\t<div id=\"text-2339760524\" class=\"text\">\n\t\t\n\n<h2>Projects<\/h2>\n\t\t\n<style>\n#text-2339760524 {\n  font-size: 1.5rem;\n}\n<\/style>\n\t<\/div>\n\t\n<p>We are currently finalizing our 3 more songs; Eres Santo, Te Alabare and Tu mi Dios.<\/p>\n\t<div id=\"text-681819602\" class=\"text\">\n\t\t\n\n<h2>Tours<\/h2>\n\t\t\n<style>\n#text-681819602 {\n  font-size: 1.5rem;\n}\n<\/style>\n\t<\/div>\n\t\n<p>2020 we have various expectations, Miami, New York, Dominican Republic, Canary Islands, Germany, Brazil, Guatemala. for the glory and purpose of God.<\/p>\n\t<div id=\"text-2443877475\" class=\"text\">\n\t\t\n\n<h2>Family<\/h2>\n\t\t\n<style>\n#text-2443877475 {\n  font-size: 1.5rem;\n}\n<\/style>\n\t<\/div>\n\t\n<p>The Family is a very important point in their lives, they thank God for it and their Prayers. Family Prayer is a very powerful weapon. When your family prays for you, the Lord does special things in your life.<\/p>\n\t<div id=\"text-1565576803\" class=\"text\">\n\t\t\n\n<h2>Music<\/h2>\n\t\t\n<style>\n#text-1565576803 {\n  font-size: 1.5rem;\n}\n<\/style>\n\t<\/div>\n\t\n<p>Many of their Praises have Bible Verses, because one day God gave Sally a Vision, she saw a metal ball \"like the old weapons (Ball with chain to throw)\" in which there were many bible verses placed all over the ball and that was so powerful that it broke everything bad as soon as it is near, that is why they sing many of these verses, because God's Blessings are to Expand them.<\/p>\n\n\t\t<\/div>\n\t\t\t\t\n<style>\n#col-585086458 > .col-inner {\n  padding: 10% 10% 10% 10%;\n  margin: -42px -42px 0px 0px;\n}\n@media (min-width:550px) {\n  #col-585086458 > .col-inner {\n    margin: -317px -42px 0px 0px;\n  }\n}\n<\/style>\n\t<\/div>\n\n\t\n\n<\/div>\n\n\t\t<\/div>\n\n\t\t\n<style>\n#section_960383489 {\n  padding-top: 40px;\n  padding-bottom: 40px;\n  background-color: rgb(249, 245, 229);\n}\n@media (min-width:550px) {\n  #section_960383489 {\n    padding-top: 80px;\n    padding-bottom: 80px;\n  }\n}\n@media (min-width:850px) {\n  #section_960383489 {\n    padding-top: 0px;\n    padding-bottom: 0px;\n  }\n}\n<\/style>\n\t<\/section>","protected":false},"excerpt":{"rendered":"","protected":false},"author":1,"featured_media":0,"parent":0,"menu_order":0,"comment_status":"closed","ping_status":"closed","template":"page-blank.php","meta":{"_joinchat":[],"footnotes":""},"class_list":["post-289","page","type-page","status-publish","hentry"],"_links":{"self":[{"href":"https:\/\/sellyyjoe.com\/en\/wp-json\/wp\/v2\/pages\/289","targetHints":{"allow":["GET"]}}],"collection":[{"href":"https:\/\/sellyyjoe.com\/en\/wp-json\/wp\/v2\/pages"}],"about":[{"href":"https:\/\/sellyyjoe.com\/en\/wp-json\/wp\/v2\/types\/page"}],"author":[{"embeddable":true,"href":"https:\/\/sellyyjoe.com\/en\/wp-json\/wp\/v2\/users\/1"}],"replies":[{"embeddable":true,"href":"https:\/\/sellyyjoe.com\/en\/wp-json\/wp\/v2\/comments?post=289"}],"version-history":[{"count":54,"href":"https:\/\/sellyyjoe.com\/en\/wp-json\/wp\/v2\/pages\/289\/revisions"}],"predecessor-version":[{"id":963,"href":"https:\/\/sellyyjoe.com\/en\/wp-json\/wp\/v2\/pages\/289\/revisions\/963"}],"wp:attachment":[{"href":"https:\/\/sellyyjoe.com\/en\/wp-json\/wp\/v2\/media?parent=289"}],"curies":[{"name":"wp","href":"https:\/\/api.w.org\/{rel}","templated":true}]}}